{"id":323,"date":"2020-05-28T11:16:29","date_gmt":"2020-05-28T11:16:29","guid":{"rendered":"https:\/\/lamotte-immobilien.de\/?page_id=323"},"modified":"2020-05-28T11:16:29","modified_gmt":"2020-05-28T11:16:29","slug":"weg-verwaltung","status":"publish","type":"page","link":"https:\/\/lamotte-immobilien.de\/?page_id=323","title":{"rendered":"WEG Verwaltung"},"content":{"rendered":"\n<p class=\"has-normal-font-size\">Der Schwerpunkt unserer T\u00e4tigkeit liegt auf der Verwaltung von Wohnungseigent\u00fcmergemeinschaften. Diese bestehen \u00e4hnlich wie ein Puzzle aus mehreren individuellen Einheiten, die zusammen ein harmonisches Gesamtbild ergeben. Damit dieses gelingt, sehen wir unsere Aufgabe darin, Sie als Eigent\u00fcmergemeinschaft auf verschiedenen Ebenen zu unterst\u00fctzen. Neben der ordnungsgem\u00e4\u00dfen kaufm\u00e4nnischen Verwaltung und der Kl\u00e4rung von technischen Sachverhalten z\u00e4hlt dazu auch die sensible Moderation unterschiedlicher Interessen sowie eine pers\u00f6nliche, respektvolle Kommunikation.<\/p>\n\n\n\n<p><\/p>\n\n\n\n<ul class=\"wp-block-list\"><li>Erstellung von Wirtschaftspl\u00e4nen und Jahresabrechnungen einschlie\u00dflich Verm\u00f6gens\u00fcbersicht und R\u00fccklagenentwicklung<\/li><li>Hausgeldeinzug \/ Buchf\u00fchrung\/ Mahnwesen<\/li><li>Durchf\u00fchrung von Eigent\u00fcmerversammlungen \/ Protokollversand \/ Umsetzung der gefassten Beschl\u00fcsse<\/li><li>Kommunikation mit Banken, Beh\u00f6ren, Handwerkern, etc.<\/li><li>Verhandlungen und Vertragsabschluss mit Energielieferanten, Telekommunikationsunternehmen, Versicherungen <\/li><li>Regelm\u00e4\u00dfige Objektbegehungen<\/li><li>Abwicklung von Instandhaltungsma\u00dfnahmen ggf. in Zusammenarbeit mit externen Partnern (Architekten, Sachverst\u00e4ndigen)<\/li><li>Durchsetzung von Interessen der Gemeinschaft ggf. mit juristischen Beistand<\/li><\/ul>\n","protected":false},"excerpt":{"rendered":"<p>Der Schwerpunkt unserer T\u00e4tigkeit liegt auf der Verwaltung von Wohnungseigent\u00fcmergemeinschaften. Diese bestehen \u00e4hnlich wie ein Puzzle aus mehreren individuellen Einheiten, die zusammen ein harmonisches Gesamtbild ergeben. Damit dieses gelingt, sehen wir unsere Aufgabe darin, Sie als Eigent\u00fcmergemeinschaft auf verschiedenen Ebenen zu unterst\u00fctzen. Neben der ordnungsgem\u00e4\u00dfen kaufm\u00e4nnischen Verwaltung und der Kl\u00e4rung von technischen Sachverhalten z\u00e4hlt dazu [&hellip;]<\/p>\n","protected":false},"author":1,"featured_media":0,"parent":0,"menu_order":0,"comment_status":"closed","ping_status":"closed","template":"","meta":{"footnotes":""},"class_list":["post-323","page","type-page","status-publish","hentry"],"yoast_head":"<!-- This site is optimized with the Yoast SEO plugin v27.5 - https:\/\/yoast.com\/product\/yoast-seo-wordpress\/ -->\n<title>WEG Verwaltung -<\/title>\n<meta name=\"robots\" content=\"index, follow, max-snippet:-1, max-image-preview:large, max-video-preview:-1\" \/>\n<link rel=\"canonical\" href=\"https:\/\/lamotte-immobilien.de\/?page_id=323\" \/>\n<meta property=\"og:locale\" content=\"de_DE\" \/>\n<meta property=\"og:type\" content=\"article\" \/>\n<meta property=\"og:title\" content=\"WEG Verwaltung -\" \/>\n<meta property=\"og:description\" content=\"Der Schwerpunkt unserer T\u00e4tigkeit liegt auf der Verwaltung von Wohnungseigent\u00fcmergemeinschaften. Diese bestehen \u00e4hnlich wie ein Puzzle aus mehreren individuellen Einheiten, die zusammen ein harmonisches Gesamtbild ergeben. Damit dieses gelingt, sehen wir unsere Aufgabe darin, Sie als Eigent\u00fcmergemeinschaft auf verschiedenen Ebenen zu unterst\u00fctzen. Neben der ordnungsgem\u00e4\u00dfen kaufm\u00e4nnischen Verwaltung und der Kl\u00e4rung von technischen Sachverhalten z\u00e4hlt dazu [&hellip;]\" \/>\n<meta property=\"og:url\" content=\"https:\/\/lamotte-immobilien.de\/?page_id=323\" \/>\n<meta name=\"twitter:card\" content=\"summary_large_image\" \/>\n<meta name=\"twitter:label1\" content=\"Gesch\u00e4tzte Lesezeit\" \/>\n\t<meta name=\"twitter:data1\" content=\"1\u00a0Minute\" \/>\n<script type=\"application\/ld+json\" class=\"yoast-schema-graph\">{\"@context\":\"https:\\\/\\\/schema.org\",\"@graph\":[{\"@type\":\"WebPage\",\"@id\":\"https:\\\/\\\/lamotte-immobilien.de\\\/?page_id=323\",\"url\":\"https:\\\/\\\/lamotte-immobilien.de\\\/?page_id=323\",\"name\":\"WEG Verwaltung -\",\"isPartOf\":{\"@id\":\"https:\\\/\\\/lamotte-immobilien.de\\\/#website\"},\"datePublished\":\"2020-05-28T11:16:29+00:00\",\"breadcrumb\":{\"@id\":\"https:\\\/\\\/lamotte-immobilien.de\\\/?page_id=323#breadcrumb\"},\"inLanguage\":\"de\",\"potentialAction\":[{\"@type\":\"ReadAction\",\"target\":[\"https:\\\/\\\/lamotte-immobilien.de\\\/?page_id=323\"]}]},{\"@type\":\"BreadcrumbList\",\"@id\":\"https:\\\/\\\/lamotte-immobilien.de\\\/?page_id=323#breadcrumb\",\"itemListElement\":[{\"@type\":\"ListItem\",\"position\":1,\"name\":\"Home\",\"item\":\"https:\\\/\\\/lamotte-immobilien.de\\\/\"},{\"@type\":\"ListItem\",\"position\":2,\"name\":\"WEG Verwaltung\"}]},{\"@type\":\"WebSite\",\"@id\":\"https:\\\/\\\/lamotte-immobilien.de\\\/#website\",\"url\":\"https:\\\/\\\/lamotte-immobilien.de\\\/\",\"name\":\"www.lamotte-hausverwaltungen.de\",\"description\":\"Lamotte GmbH Hausverwaltungen - Immobilien\",\"publisher\":{\"@id\":\"https:\\\/\\\/lamotte-immobilien.de\\\/#organization\"},\"potentialAction\":[{\"@type\":\"SearchAction\",\"target\":{\"@type\":\"EntryPoint\",\"urlTemplate\":\"https:\\\/\\\/lamotte-immobilien.de\\\/?s={search_term_string}\"},\"query-input\":{\"@type\":\"PropertyValueSpecification\",\"valueRequired\":true,\"valueName\":\"search_term_string\"}}],\"inLanguage\":\"de\"},{\"@type\":\"Organization\",\"@id\":\"https:\\\/\\\/lamotte-immobilien.de\\\/#organization\",\"name\":\"Lamotte GmbH Hausverwaltungen - Immobilien\",\"url\":\"https:\\\/\\\/lamotte-immobilien.de\\\/\",\"logo\":{\"@type\":\"ImageObject\",\"inLanguage\":\"de\",\"@id\":\"https:\\\/\\\/lamotte-immobilien.de\\\/#\\\/schema\\\/logo\\\/image\\\/\",\"url\":\"https:\\\/\\\/lamotte-immobilien.de\\\/wp-content\\\/uploads\\\/2020\\\/03\\\/cropped-Lamotte-Logo-3-6.jpg\",\"contentUrl\":\"https:\\\/\\\/lamotte-immobilien.de\\\/wp-content\\\/uploads\\\/2020\\\/03\\\/cropped-Lamotte-Logo-3-6.jpg\",\"width\":139,\"height\":137,\"caption\":\"Lamotte GmbH Hausverwaltungen - Immobilien\"},\"image\":{\"@id\":\"https:\\\/\\\/lamotte-immobilien.de\\\/#\\\/schema\\\/logo\\\/image\\\/\"}}]}<\/script>\n<!-- \/ Yoast SEO plugin. -->","yoast_head_json":{"title":"WEG Verwaltung -","robots":{"index":"index","follow":"follow","max-snippet":"max-snippet:-1","max-image-preview":"max-image-preview:large","max-video-preview":"max-video-preview:-1"},"canonical":"https:\/\/lamotte-immobilien.de\/?page_id=323","og_locale":"de_DE","og_type":"article","og_title":"WEG Verwaltung -","og_description":"Der Schwerpunkt unserer T\u00e4tigkeit liegt auf der Verwaltung von Wohnungseigent\u00fcmergemeinschaften. Diese bestehen \u00e4hnlich wie ein Puzzle aus mehreren individuellen Einheiten, die zusammen ein harmonisches Gesamtbild ergeben. Damit dieses gelingt, sehen wir unsere Aufgabe darin, Sie als Eigent\u00fcmergemeinschaft auf verschiedenen Ebenen zu unterst\u00fctzen. Neben der ordnungsgem\u00e4\u00dfen kaufm\u00e4nnischen Verwaltung und der Kl\u00e4rung von technischen Sachverhalten z\u00e4hlt dazu [&hellip;]","og_url":"https:\/\/lamotte-immobilien.de\/?page_id=323","twitter_card":"summary_large_image","twitter_misc":{"Gesch\u00e4tzte Lesezeit":"1\u00a0Minute"},"schema":{"@context":"https:\/\/schema.org","@graph":[{"@type":"WebPage","@id":"https:\/\/lamotte-immobilien.de\/?page_id=323","url":"https:\/\/lamotte-immobilien.de\/?page_id=323","name":"WEG Verwaltung -","isPartOf":{"@id":"https:\/\/lamotte-immobilien.de\/#website"},"datePublished":"2020-05-28T11:16:29+00:00","breadcrumb":{"@id":"https:\/\/lamotte-immobilien.de\/?page_id=323#breadcrumb"},"inLanguage":"de","potentialAction":[{"@type":"ReadAction","target":["https:\/\/lamotte-immobilien.de\/?page_id=323"]}]},{"@type":"BreadcrumbList","@id":"https:\/\/lamotte-immobilien.de\/?page_id=323#breadcrumb","itemListElement":[{"@type":"ListItem","position":1,"name":"Home","item":"https:\/\/lamotte-immobilien.de\/"},{"@type":"ListItem","position":2,"name":"WEG Verwaltung"}]},{"@type":"WebSite","@id":"https:\/\/lamotte-immobilien.de\/#website","url":"https:\/\/lamotte-immobilien.de\/","name":"www.lamotte-hausverwaltungen.de","description":"Lamotte GmbH Hausverwaltungen - Immobilien","publisher":{"@id":"https:\/\/lamotte-immobilien.de\/#organization"},"potentialAction":[{"@type":"SearchAction","target":{"@type":"EntryPoint","urlTemplate":"https:\/\/lamotte-immobilien.de\/?s={search_term_string}"},"query-input":{"@type":"PropertyValueSpecification","valueRequired":true,"valueName":"search_term_string"}}],"inLanguage":"de"},{"@type":"Organization","@id":"https:\/\/lamotte-immobilien.de\/#organization","name":"Lamotte GmbH Hausverwaltungen - Immobilien","url":"https:\/\/lamotte-immobilien.de\/","logo":{"@type":"ImageObject","inLanguage":"de","@id":"https:\/\/lamotte-immobilien.de\/#\/schema\/logo\/image\/","url":"https:\/\/lamotte-immobilien.de\/wp-content\/uploads\/2020\/03\/cropped-Lamotte-Logo-3-6.jpg","contentUrl":"https:\/\/lamotte-immobilien.de\/wp-content\/uploads\/2020\/03\/cropped-Lamotte-Logo-3-6.jpg","width":139,"height":137,"caption":"Lamotte GmbH Hausverwaltungen - Immobilien"},"image":{"@id":"https:\/\/lamotte-immobilien.de\/#\/schema\/logo\/image\/"}}]}},"_links":{"self":[{"href":"https:\/\/lamotte-immobilien.de\/index.php?rest_route=\/wp\/v2\/pages\/323","targetHints":{"allow":["GET"]}}],"collection":[{"href":"https:\/\/lamotte-immobilien.de\/index.php?rest_route=\/wp\/v2\/pages"}],"about":[{"href":"https:\/\/lamotte-immobilien.de\/index.php?rest_route=\/wp\/v2\/types\/page"}],"author":[{"embeddable":true,"href":"https:\/\/lamotte-immobilien.de\/index.php?rest_route=\/wp\/v2\/users\/1"}],"replies":[{"embeddable":true,"href":"https:\/\/lamotte-immobilien.de\/index.php?rest_route=%2Fwp%2Fv2%2Fcomments&post=323"}],"version-history":[{"count":2,"href":"https:\/\/lamotte-immobilien.de\/index.php?rest_route=\/wp\/v2\/pages\/323\/revisions"}],"predecessor-version":[{"id":325,"href":"https:\/\/lamotte-immobilien.de\/index.php?rest_route=\/wp\/v2\/pages\/323\/revisions\/325"}],"wp:attachment":[{"href":"https:\/\/lamotte-immobilien.de\/index.php?rest_route=%2Fwp%2Fv2%2Fmedia&parent=323"}],"curies":[{"name":"wp","href":"https:\/\/api.w.org\/{rel}","templated":true}]}}