{"id":328,"date":"2020-05-28T11:16:45","date_gmt":"2020-05-28T11:16:45","guid":{"rendered":"https:\/\/lamotte-immobilien.de\/?page_id=328"},"modified":"2020-05-29T07:43:30","modified_gmt":"2020-05-29T07:43:30","slug":"mietverwaltung","status":"publish","type":"page","link":"https:\/\/lamotte-immobilien.de\/?page_id=328","title":{"rendered":"Mietverwaltung"},"content":{"rendered":"\n<p class=\"has-normal-font-size\">Wenn Sie aufgrund der steigenden Anforderungen der Mieter an ihren Wohnraum und der zunehmend komplexer werdenden Rechtssprechnung des Mietrechts Unterst\u00fctzung ben\u00f6tigen, \u00fcbernehmen wir f\u00fcr Sie gerne die folgenden Aufgaben des Vermieters:<\/p>\n\n\n\n<ul class=\"wp-block-list\"><li>Suche nach neuen Mietern &#8211; Pr\u00fcfung konkreter Mietinteressenten<\/li><li>Abwicklung der Vertragsdetails &#8211; Wohnungs\u00fcbergabe<\/li><li>Kautionsverwaltung &#8211; Erstellung Nebenkostenabrechnung<\/li><li>Abwicklung K\u00fcndigung &#8211; Wohnungsabnahme<\/li><li>Kommunikation\/ Korrespondenz mit Mietern, Beh\u00f6rden, Handwerkern, Versicherungen, etc.<\/li><li>Begleitung von Renovierungs- und Modernisierungsma\u00dfnahmen<\/li><\/ul>\n\n\n\n<p class=\"has-normal-font-size\">Selbstverst\u00e4ndlich k\u00f6nnen Sie die Vermietung auch in Eigenregie durchf\u00fchren und wir \u00fcbernehmen lediglich die kaufm\u00e4nnische Betreuung (Schwerpunkt Nebenkostenabrechnung) Ihres Objekts.<\/p>\n","protected":false},"excerpt":{"rendered":"<p>Wenn Sie aufgrund der steigenden Anforderungen der Mieter an ihren Wohnraum und der zunehmend komplexer werdenden Rechtssprechnung des Mietrechts Unterst\u00fctzung ben\u00f6tigen, \u00fcbernehmen wir f\u00fcr Sie gerne die folgenden Aufgaben des Vermieters: Suche nach neuen Mietern &#8211; Pr\u00fcfung konkreter Mietinteressenten Abwicklung der Vertragsdetails &#8211; Wohnungs\u00fcbergabe Kautionsverwaltung &#8211; Erstellung Nebenkostenabrechnung Abwicklung K\u00fcndigung &#8211; Wohnungsabnahme Kommunikation\/ Korrespondenz mit [&hellip;]<\/p>\n","protected":false},"author":1,"featured_media":0,"parent":0,"menu_order":0,"comment_status":"closed","ping_status":"closed","template":"","meta":{"footnotes":""},"class_list":["post-328","page","type-page","status-publish","hentry"],"yoast_head":"<!-- This site is optimized with the Yoast SEO plugin v27.6 - https:\/\/yoast.com\/product\/yoast-seo-wordpress\/ -->\n<title>Mietverwaltung -<\/title>\n<meta name=\"robots\" content=\"index, follow, max-snippet:-1, max-image-preview:large, max-video-preview:-1\" \/>\n<link rel=\"canonical\" href=\"https:\/\/lamotte-immobilien.de\/?page_id=328\" \/>\n<meta property=\"og:locale\" content=\"de_DE\" \/>\n<meta property=\"og:type\" content=\"article\" \/>\n<meta property=\"og:title\" content=\"Mietverwaltung -\" \/>\n<meta property=\"og:description\" content=\"Wenn Sie aufgrund der steigenden Anforderungen der Mieter an ihren Wohnraum und der zunehmend komplexer werdenden Rechtssprechnung des Mietrechts Unterst\u00fctzung ben\u00f6tigen, \u00fcbernehmen wir f\u00fcr Sie gerne die folgenden Aufgaben des Vermieters: Suche nach neuen Mietern &#8211; Pr\u00fcfung konkreter Mietinteressenten Abwicklung der Vertragsdetails &#8211; Wohnungs\u00fcbergabe Kautionsverwaltung &#8211; Erstellung Nebenkostenabrechnung Abwicklung K\u00fcndigung &#8211; Wohnungsabnahme Kommunikation\/ Korrespondenz mit [&hellip;]\" \/>\n<meta property=\"og:url\" content=\"https:\/\/lamotte-immobilien.de\/?page_id=328\" \/>\n<meta property=\"article:modified_time\" content=\"2020-05-29T07:43:30+00:00\" \/>\n<meta name=\"twitter:card\" content=\"summary_large_image\" \/>\n<script type=\"application\/ld+json\" class=\"yoast-schema-graph\">{\"@context\":\"https:\\\/\\\/schema.org\",\"@graph\":[{\"@type\":\"WebPage\",\"@id\":\"https:\\\/\\\/lamotte-immobilien.de\\\/?page_id=328\",\"url\":\"https:\\\/\\\/lamotte-immobilien.de\\\/?page_id=328\",\"name\":\"Mietverwaltung -\",\"isPartOf\":{\"@id\":\"https:\\\/\\\/lamotte-immobilien.de\\\/#website\"},\"datePublished\":\"2020-05-28T11:16:45+00:00\",\"dateModified\":\"2020-05-29T07:43:30+00:00\",\"breadcrumb\":{\"@id\":\"https:\\\/\\\/lamotte-immobilien.de\\\/?page_id=328#breadcrumb\"},\"inLanguage\":\"de\",\"potentialAction\":[{\"@type\":\"ReadAction\",\"target\":[\"https:\\\/\\\/lamotte-immobilien.de\\\/?page_id=328\"]}]},{\"@type\":\"BreadcrumbList\",\"@id\":\"https:\\\/\\\/lamotte-immobilien.de\\\/?page_id=328#breadcrumb\",\"itemListElement\":[{\"@type\":\"ListItem\",\"position\":1,\"name\":\"Home\",\"item\":\"https:\\\/\\\/lamotte-immobilien.de\\\/\"},{\"@type\":\"ListItem\",\"position\":2,\"name\":\"Mietverwaltung\"}]},{\"@type\":\"WebSite\",\"@id\":\"https:\\\/\\\/lamotte-immobilien.de\\\/#website\",\"url\":\"https:\\\/\\\/lamotte-immobilien.de\\\/\",\"name\":\"www.lamotte-hausverwaltungen.de\",\"description\":\"Lamotte GmbH Hausverwaltungen - Immobilien\",\"publisher\":{\"@id\":\"https:\\\/\\\/lamotte-immobilien.de\\\/#organization\"},\"potentialAction\":[{\"@type\":\"SearchAction\",\"target\":{\"@type\":\"EntryPoint\",\"urlTemplate\":\"https:\\\/\\\/lamotte-immobilien.de\\\/?s={search_term_string}\"},\"query-input\":{\"@type\":\"PropertyValueSpecification\",\"valueRequired\":true,\"valueName\":\"search_term_string\"}}],\"inLanguage\":\"de\"},{\"@type\":\"Organization\",\"@id\":\"https:\\\/\\\/lamotte-immobilien.de\\\/#organization\",\"name\":\"Lamotte GmbH Hausverwaltungen - Immobilien\",\"url\":\"https:\\\/\\\/lamotte-immobilien.de\\\/\",\"logo\":{\"@type\":\"ImageObject\",\"inLanguage\":\"de\",\"@id\":\"https:\\\/\\\/lamotte-immobilien.de\\\/#\\\/schema\\\/logo\\\/image\\\/\",\"url\":\"https:\\\/\\\/lamotte-immobilien.de\\\/wp-content\\\/uploads\\\/2020\\\/03\\\/cropped-Lamotte-Logo-3-6.jpg\",\"contentUrl\":\"https:\\\/\\\/lamotte-immobilien.de\\\/wp-content\\\/uploads\\\/2020\\\/03\\\/cropped-Lamotte-Logo-3-6.jpg\",\"width\":139,\"height\":137,\"caption\":\"Lamotte GmbH Hausverwaltungen - Immobilien\"},\"image\":{\"@id\":\"https:\\\/\\\/lamotte-immobilien.de\\\/#\\\/schema\\\/logo\\\/image\\\/\"}}]}<\/script>\n<!-- \/ Yoast SEO plugin. -->","yoast_head_json":{"title":"Mietverwaltung -","robots":{"index":"index","follow":"follow","max-snippet":"max-snippet:-1","max-image-preview":"max-image-preview:large","max-video-preview":"max-video-preview:-1"},"canonical":"https:\/\/lamotte-immobilien.de\/?page_id=328","og_locale":"de_DE","og_type":"article","og_title":"Mietverwaltung -","og_description":"Wenn Sie aufgrund der steigenden Anforderungen der Mieter an ihren Wohnraum und der zunehmend komplexer werdenden Rechtssprechnung des Mietrechts Unterst\u00fctzung ben\u00f6tigen, \u00fcbernehmen wir f\u00fcr Sie gerne die folgenden Aufgaben des Vermieters: Suche nach neuen Mietern &#8211; Pr\u00fcfung konkreter Mietinteressenten Abwicklung der Vertragsdetails &#8211; Wohnungs\u00fcbergabe Kautionsverwaltung &#8211; Erstellung Nebenkostenabrechnung Abwicklung K\u00fcndigung &#8211; Wohnungsabnahme Kommunikation\/ Korrespondenz mit [&hellip;]","og_url":"https:\/\/lamotte-immobilien.de\/?page_id=328","article_modified_time":"2020-05-29T07:43:30+00:00","twitter_card":"summary_large_image","schema":{"@context":"https:\/\/schema.org","@graph":[{"@type":"WebPage","@id":"https:\/\/lamotte-immobilien.de\/?page_id=328","url":"https:\/\/lamotte-immobilien.de\/?page_id=328","name":"Mietverwaltung -","isPartOf":{"@id":"https:\/\/lamotte-immobilien.de\/#website"},"datePublished":"2020-05-28T11:16:45+00:00","dateModified":"2020-05-29T07:43:30+00:00","breadcrumb":{"@id":"https:\/\/lamotte-immobilien.de\/?page_id=328#breadcrumb"},"inLanguage":"de","potentialAction":[{"@type":"ReadAction","target":["https:\/\/lamotte-immobilien.de\/?page_id=328"]}]},{"@type":"BreadcrumbList","@id":"https:\/\/lamotte-immobilien.de\/?page_id=328#breadcrumb","itemListElement":[{"@type":"ListItem","position":1,"name":"Home","item":"https:\/\/lamotte-immobilien.de\/"},{"@type":"ListItem","position":2,"name":"Mietverwaltung"}]},{"@type":"WebSite","@id":"https:\/\/lamotte-immobilien.de\/#website","url":"https:\/\/lamotte-immobilien.de\/","name":"www.lamotte-hausverwaltungen.de","description":"Lamotte GmbH Hausverwaltungen - Immobilien","publisher":{"@id":"https:\/\/lamotte-immobilien.de\/#organization"},"potentialAction":[{"@type":"SearchAction","target":{"@type":"EntryPoint","urlTemplate":"https:\/\/lamotte-immobilien.de\/?s={search_term_string}"},"query-input":{"@type":"PropertyValueSpecification","valueRequired":true,"valueName":"search_term_string"}}],"inLanguage":"de"},{"@type":"Organization","@id":"https:\/\/lamotte-immobilien.de\/#organization","name":"Lamotte GmbH Hausverwaltungen - Immobilien","url":"https:\/\/lamotte-immobilien.de\/","logo":{"@type":"ImageObject","inLanguage":"de","@id":"https:\/\/lamotte-immobilien.de\/#\/schema\/logo\/image\/","url":"https:\/\/lamotte-immobilien.de\/wp-content\/uploads\/2020\/03\/cropped-Lamotte-Logo-3-6.jpg","contentUrl":"https:\/\/lamotte-immobilien.de\/wp-content\/uploads\/2020\/03\/cropped-Lamotte-Logo-3-6.jpg","width":139,"height":137,"caption":"Lamotte GmbH Hausverwaltungen - Immobilien"},"image":{"@id":"https:\/\/lamotte-immobilien.de\/#\/schema\/logo\/image\/"}}]}},"_links":{"self":[{"href":"https:\/\/lamotte-immobilien.de\/index.php?rest_route=\/wp\/v2\/pages\/328","targetHints":{"allow":["GET"]}}],"collection":[{"href":"https:\/\/lamotte-immobilien.de\/index.php?rest_route=\/wp\/v2\/pages"}],"about":[{"href":"https:\/\/lamotte-immobilien.de\/index.php?rest_route=\/wp\/v2\/types\/page"}],"author":[{"embeddable":true,"href":"https:\/\/lamotte-immobilien.de\/index.php?rest_route=\/wp\/v2\/users\/1"}],"replies":[{"embeddable":true,"href":"https:\/\/lamotte-immobilien.de\/index.php?rest_route=%2Fwp%2Fv2%2Fcomments&post=328"}],"version-history":[{"count":2,"href":"https:\/\/lamotte-immobilien.de\/index.php?rest_route=\/wp\/v2\/pages\/328\/revisions"}],"predecessor-version":[{"id":381,"href":"https:\/\/lamotte-immobilien.de\/index.php?rest_route=\/wp\/v2\/pages\/328\/revisions\/381"}],"wp:attachment":[{"href":"https:\/\/lamotte-immobilien.de\/index.php?rest_route=%2Fwp%2Fv2%2Fmedia&parent=328"}],"curies":[{"name":"wp","href":"https:\/\/api.w.org\/{rel}","templated":true}]}}