{"id":344,"date":"2020-05-28T12:58:34","date_gmt":"2020-05-28T12:58:34","guid":{"rendered":"https:\/\/lamotte-immobilien.de\/?page_id=344"},"modified":"2025-08-24T12:28:02","modified_gmt":"2025-08-24T12:28:02","slug":"impressum-2","status":"publish","type":"page","link":"https:\/\/lamotte-immobilien.de\/?page_id=344","title":{"rendered":"Impressum"},"content":{"rendered":"\n<p><strong>Impressum \u2013 Haftungsausschluss<\/strong><br>Firma:&nbsp; <\/p>\n\n\n\n<p>Lamotte GmbH Hausverwaltungen-Immobilien&nbsp;<br>Wullener Feld 7a&nbsp;<br>58454 Witten&nbsp;<\/p>\n\n\n\n<p>Vertretungsberechtigte Gesellschafter:<br>Ren\u00e9 Lamotte&nbsp;<\/p>\n\n\n\n<p><br>Telefon: 02302-3982500<\/p>\n\n\n\n<p>&nbsp;Internet:&nbsp;&nbsp;&nbsp;&nbsp;&nbsp;&nbsp;&nbsp;&nbsp;&nbsp;&nbsp;&nbsp;&nbsp; &nbsp;&nbsp;&nbsp;&nbsp;&nbsp;&nbsp;&nbsp;<\/p>\n\n\n\n<p>Internetseite:http:\/\/www.lamotte-hausverwaltungen.de&nbsp;<\/p>\n\n\n\n<p>E-Mail Adresse: info@lamotte-hausverwaltungen.de<\/p>\n\n\n\n<p>Registergericht:Amtsgericht Bochum \u2013 HRB Nr. 8173&nbsp;<br>Gerichtsstand:Witten<\/p>\n\n\n\n<p>Erlaubnis nach \u00a734c der Gewerbeordnung erteilt durch:&nbsp; Aufsichtsbeh\u00f6rde:&nbsp; Kreisverwaltung Ennepe-Ruhr-Kreis,<br>Hauptstr. 92, 58332 Schwelm; Internet: www.en-kreis.de<\/p>\n\n\n\n<p><strong>Linkhaftung&nbsp;Haftung f\u00fcr Links:<\/strong><br>Mit dem Urteil vom 12. September 1999 \u2013 312 O 85\/99&nbsp; \u201aHaftung f\u00fcr Links\u2018&nbsp; hat das Landgericht Hamburg entschieden, dass man durch die Ausbringung eines Links die Inhalte der gelinkten Seite ggf. mit zu verantworten hat. Dieses kann \u2013 so das LG \u2013 nur dadurch verhindert werden, in dem man sich ausdr\u00fccklich von diesen Inhalten distanziert. Hiermit distanzieren wir uns ausdr\u00fccklich von allen Inhalten verlinkter Seiten oder Grafiken und machen uns diese keinesfalls zu eigen. S\u00e4mtliche Verst\u00f6\u00dfe gegen geltendes Recht, Sitte oder Moral, welche uns bekannt werden, haben sofortige L\u00f6schung von Links, Eintr\u00e4gen, Grafiken oder \u00e4hnlichem zur Folge.<br><strong>Inhalte:<\/strong><br>F\u00fcr die Inhalte der verlinkten Angebote sind die jeweiligen Betreiber verantwortlich.<br>Copyright, Patent, Marken: F\u00fcr die Inhalte der verlinkten Angebote sind die jeweiligen Betreiber verantwortlich. Gestaltung \/ Realisation:&nbsp; 2020 Lamotte GmbH <br><strong>1. Inhalt des Onlineangebotes<\/strong><br>Die im Internet-Auftritt Lamotte GmbH enthaltenen Inhalte k\u00f6nnen ohne vorherige Ank\u00fcndigung erg\u00e4nzt, ge\u00e4ndert oder gel\u00f6scht werden. Wir behalten es uns ausdr\u00fccklich vor, die Ver\u00f6ffentlichung zeitweise oder endg\u00fcltig einzustellen. Alle Angebote sind freibleibend und unverbindlich.&nbsp;<br><strong>2. Urheberrechte<\/strong><br>Alle Webseiten von Lamotte GmbH unterliegen dem gesetzlich gesch\u00fctzten Urheberrecht. Dies gilt f\u00fcr ihre Struktur und s\u00e4mtliche darin enthaltenen Funktionalit\u00e4ten, Informationen, Daten, Texte, Bild- und Tonmaterialien sowie alle zur Funktionalit\u00e4t dieser Webseiten eingesetzten Komponenten. Der Nutzer darf die Inhalte im Rahmen der angebotenen Funktionalit\u00e4ten der Webseiten f\u00fcr seinen pers\u00f6nlichen Gebrauch nutzen. Im \u00fcbrigen erwirbt er keine Rechte an den Inhalten und Programmen. Lamotte GmbH ist bestrebt, in seinem Internet-Auftritt die Urheberrechte der verwendeten Grafiken, Tondokumente und Texte zu beachten.&nbsp;<br><strong>3. Verweise und Links<\/strong><br>Lamotte GmbH distanziert sich ausdr\u00fccklich von dem Inhalt der innerhalb ihres Angebots per Hyperlink oder in sonstiger Weise zug\u00e4nglich gemachten fremden Webseiten. Wir haben keinerlei Einfluss auf den Inhalt dieser Seiten und k\u00f6nnen deshalb f\u00fcr die inhaltliche Korrektheit, Rechtm\u00e4\u00dfigkeit, Vollst\u00e4ndigkeit und Verf\u00fcgbarkeit fremder Inhalte keine Gew\u00e4hr leisten. Es wird ausdr\u00fccklich erkl\u00e4rt, dass zum Zeitpunkt der Linksetzung die entsprechend verlinkten Seiten frei von illegalen Inhalten waren. F\u00fcr illegale, fehlerhafte oder unvollst\u00e4ndige Inhalte sowie f\u00fcr Sch\u00e4den, die aus der Nutzung fremder Informationen entstehen, haftet allein der Anbieter der Seite, auf welche verwiesen wurde.&nbsp;<br><strong>4. Haftungsausschluss<\/strong><br>Eine Gew\u00e4hr f\u00fcr Aktualit\u00e4t, Richtigkeit, Vollst\u00e4ndigkeit oder Qualit\u00e4t der im Internet-Auftritt enthaltenen Informationen wird nicht \u00fcbernommen. Lamotte GmbH \u00fcbernimmt keine Haftung f\u00fcr Verluste oder Sch\u00e4den, die direkt oder indirekt aus der Nutzung dieses Internet-Auftritts oder der darin enthaltenen Informationen entstehen, sofern unsererseits kein nachweislich vors\u00e4tzliches oder grob fahrl\u00e4ssiges Verschulden vorliegt. Die Haftung f\u00fcr Folgesch\u00e4den und entgangenen Gewinn ist auch bei leichter Fahrl\u00e4ssigkeit ausgeschlossen.<\/p>\n","protected":false},"excerpt":{"rendered":"<p>Impressum \u2013 HaftungsausschlussFirma:&nbsp; Lamotte GmbH Hausverwaltungen-Immobilien&nbsp;Wullener Feld 7a&nbsp;58454 Witten&nbsp; Vertretungsberechtigte Gesellschafter:Ren\u00e9 Lamotte&nbsp; Telefon: 02302-3982500 &nbsp;Internet:&nbsp;&nbsp;&nbsp;&nbsp;&nbsp;&nbsp;&nbsp;&nbsp;&nbsp;&nbsp;&nbsp;&nbsp; &nbsp;&nbsp;&nbsp;&nbsp;&nbsp;&nbsp;&nbsp; Internetseite:http:\/\/www.lamotte-hausverwaltungen.de&nbsp; E-Mail Adresse: info@lamotte-hausverwaltungen.de Registergericht:Amtsgericht Bochum \u2013 HRB Nr. 8173&nbsp;Gerichtsstand:Witten Erlaubnis nach \u00a734c der Gewerbeordnung erteilt durch:&nbsp; Aufsichtsbeh\u00f6rde:&nbsp; Kreisverwaltung Ennepe-Ruhr-Kreis,Hauptstr. 92, 58332 Schwelm; Internet: www.en-kreis.de Linkhaftung&nbsp;Haftung f\u00fcr Links:Mit dem Urteil vom 12. September 1999 \u2013 312 O 85\/99&nbsp; \u201aHaftung [&hellip;]<\/p>\n","protected":false},"author":1,"featured_media":0,"parent":0,"menu_order":0,"comment_status":"closed","ping_status":"closed","template":"","meta":{"footnotes":""},"class_list":["post-344","page","type-page","status-publish","hentry"],"yoast_head":"<!-- This site is optimized with the Yoast SEO plugin v27.6 - https:\/\/yoast.com\/product\/yoast-seo-wordpress\/ -->\n<title>Impressum -<\/title>\n<meta name=\"robots\" content=\"index, follow, max-snippet:-1, max-image-preview:large, max-video-preview:-1\" \/>\n<link rel=\"canonical\" href=\"https:\/\/lamotte-immobilien.de\/?page_id=344\" \/>\n<meta property=\"og:locale\" content=\"de_DE\" \/>\n<meta property=\"og:type\" content=\"article\" \/>\n<meta property=\"og:title\" content=\"Impressum -\" \/>\n<meta property=\"og:description\" content=\"Impressum \u2013 HaftungsausschlussFirma:&nbsp; Lamotte GmbH Hausverwaltungen-Immobilien&nbsp;Wullener Feld 7a&nbsp;58454 Witten&nbsp; Vertretungsberechtigte Gesellschafter:Ren\u00e9 Lamotte&nbsp; Telefon: 02302-3982500 &nbsp;Internet:&nbsp;&nbsp;&nbsp;&nbsp;&nbsp;&nbsp;&nbsp;&nbsp;&nbsp;&nbsp;&nbsp;&nbsp; &nbsp;&nbsp;&nbsp;&nbsp;&nbsp;&nbsp;&nbsp; Internetseite:http:\/\/www.lamotte-hausverwaltungen.de&nbsp; E-Mail Adresse: info@lamotte-hausverwaltungen.de Registergericht:Amtsgericht Bochum \u2013 HRB Nr. 8173&nbsp;Gerichtsstand:Witten Erlaubnis nach \u00a734c der Gewerbeordnung erteilt durch:&nbsp; Aufsichtsbeh\u00f6rde:&nbsp; Kreisverwaltung Ennepe-Ruhr-Kreis,Hauptstr. 92, 58332 Schwelm; Internet: www.en-kreis.de Linkhaftung&nbsp;Haftung f\u00fcr Links:Mit dem Urteil vom 12. September 1999 \u2013 312 O 85\/99&nbsp; \u201aHaftung [&hellip;]\" \/>\n<meta property=\"og:url\" content=\"https:\/\/lamotte-immobilien.de\/?page_id=344\" \/>\n<meta property=\"article:modified_time\" content=\"2025-08-24T12:28:02+00:00\" \/>\n<meta name=\"twitter:card\" content=\"summary_large_image\" \/>\n<meta name=\"twitter:label1\" content=\"Gesch\u00e4tzte Lesezeit\" \/>\n\t<meta name=\"twitter:data1\" content=\"3\u00a0Minuten\" \/>\n<script type=\"application\/ld+json\" class=\"yoast-schema-graph\">{\"@context\":\"https:\\\/\\\/schema.org\",\"@graph\":[{\"@type\":\"WebPage\",\"@id\":\"https:\\\/\\\/lamotte-immobilien.de\\\/?page_id=344\",\"url\":\"https:\\\/\\\/lamotte-immobilien.de\\\/?page_id=344\",\"name\":\"Impressum -\",\"isPartOf\":{\"@id\":\"https:\\\/\\\/lamotte-immobilien.de\\\/#website\"},\"datePublished\":\"2020-05-28T12:58:34+00:00\",\"dateModified\":\"2025-08-24T12:28:02+00:00\",\"breadcrumb\":{\"@id\":\"https:\\\/\\\/lamotte-immobilien.de\\\/?page_id=344#breadcrumb\"},\"inLanguage\":\"de\",\"potentialAction\":[{\"@type\":\"ReadAction\",\"target\":[\"https:\\\/\\\/lamotte-immobilien.de\\\/?page_id=344\"]}]},{\"@type\":\"BreadcrumbList\",\"@id\":\"https:\\\/\\\/lamotte-immobilien.de\\\/?page_id=344#breadcrumb\",\"itemListElement\":[{\"@type\":\"ListItem\",\"position\":1,\"name\":\"Home\",\"item\":\"https:\\\/\\\/lamotte-immobilien.de\\\/\"},{\"@type\":\"ListItem\",\"position\":2,\"name\":\"Impressum\"}]},{\"@type\":\"WebSite\",\"@id\":\"https:\\\/\\\/lamotte-immobilien.de\\\/#website\",\"url\":\"https:\\\/\\\/lamotte-immobilien.de\\\/\",\"name\":\"www.lamotte-hausverwaltungen.de\",\"description\":\"Lamotte GmbH Hausverwaltungen - Immobilien\",\"publisher\":{\"@id\":\"https:\\\/\\\/lamotte-immobilien.de\\\/#organization\"},\"potentialAction\":[{\"@type\":\"SearchAction\",\"target\":{\"@type\":\"EntryPoint\",\"urlTemplate\":\"https:\\\/\\\/lamotte-immobilien.de\\\/?s={search_term_string}\"},\"query-input\":{\"@type\":\"PropertyValueSpecification\",\"valueRequired\":true,\"valueName\":\"search_term_string\"}}],\"inLanguage\":\"de\"},{\"@type\":\"Organization\",\"@id\":\"https:\\\/\\\/lamotte-immobilien.de\\\/#organization\",\"name\":\"Lamotte GmbH Hausverwaltungen - Immobilien\",\"url\":\"https:\\\/\\\/lamotte-immobilien.de\\\/\",\"logo\":{\"@type\":\"ImageObject\",\"inLanguage\":\"de\",\"@id\":\"https:\\\/\\\/lamotte-immobilien.de\\\/#\\\/schema\\\/logo\\\/image\\\/\",\"url\":\"https:\\\/\\\/lamotte-immobilien.de\\\/wp-content\\\/uploads\\\/2020\\\/03\\\/cropped-Lamotte-Logo-3-6.jpg\",\"contentUrl\":\"https:\\\/\\\/lamotte-immobilien.de\\\/wp-content\\\/uploads\\\/2020\\\/03\\\/cropped-Lamotte-Logo-3-6.jpg\",\"width\":139,\"height\":137,\"caption\":\"Lamotte GmbH Hausverwaltungen - Immobilien\"},\"image\":{\"@id\":\"https:\\\/\\\/lamotte-immobilien.de\\\/#\\\/schema\\\/logo\\\/image\\\/\"}}]}<\/script>\n<!-- \/ Yoast SEO plugin. -->","yoast_head_json":{"title":"Impressum -","robots":{"index":"index","follow":"follow","max-snippet":"max-snippet:-1","max-image-preview":"max-image-preview:large","max-video-preview":"max-video-preview:-1"},"canonical":"https:\/\/lamotte-immobilien.de\/?page_id=344","og_locale":"de_DE","og_type":"article","og_title":"Impressum -","og_description":"Impressum \u2013 HaftungsausschlussFirma:&nbsp; Lamotte GmbH Hausverwaltungen-Immobilien&nbsp;Wullener Feld 7a&nbsp;58454 Witten&nbsp; Vertretungsberechtigte Gesellschafter:Ren\u00e9 Lamotte&nbsp; Telefon: 02302-3982500 &nbsp;Internet:&nbsp;&nbsp;&nbsp;&nbsp;&nbsp;&nbsp;&nbsp;&nbsp;&nbsp;&nbsp;&nbsp;&nbsp; &nbsp;&nbsp;&nbsp;&nbsp;&nbsp;&nbsp;&nbsp; Internetseite:http:\/\/www.lamotte-hausverwaltungen.de&nbsp; E-Mail Adresse: info@lamotte-hausverwaltungen.de Registergericht:Amtsgericht Bochum \u2013 HRB Nr. 8173&nbsp;Gerichtsstand:Witten Erlaubnis nach \u00a734c der Gewerbeordnung erteilt durch:&nbsp; Aufsichtsbeh\u00f6rde:&nbsp; Kreisverwaltung Ennepe-Ruhr-Kreis,Hauptstr. 92, 58332 Schwelm; Internet: www.en-kreis.de Linkhaftung&nbsp;Haftung f\u00fcr Links:Mit dem Urteil vom 12. September 1999 \u2013 312 O 85\/99&nbsp; \u201aHaftung [&hellip;]","og_url":"https:\/\/lamotte-immobilien.de\/?page_id=344","article_modified_time":"2025-08-24T12:28:02+00:00","twitter_card":"summary_large_image","twitter_misc":{"Gesch\u00e4tzte Lesezeit":"3\u00a0Minuten"},"schema":{"@context":"https:\/\/schema.org","@graph":[{"@type":"WebPage","@id":"https:\/\/lamotte-immobilien.de\/?page_id=344","url":"https:\/\/lamotte-immobilien.de\/?page_id=344","name":"Impressum -","isPartOf":{"@id":"https:\/\/lamotte-immobilien.de\/#website"},"datePublished":"2020-05-28T12:58:34+00:00","dateModified":"2025-08-24T12:28:02+00:00","breadcrumb":{"@id":"https:\/\/lamotte-immobilien.de\/?page_id=344#breadcrumb"},"inLanguage":"de","potentialAction":[{"@type":"ReadAction","target":["https:\/\/lamotte-immobilien.de\/?page_id=344"]}]},{"@type":"BreadcrumbList","@id":"https:\/\/lamotte-immobilien.de\/?page_id=344#breadcrumb","itemListElement":[{"@type":"ListItem","position":1,"name":"Home","item":"https:\/\/lamotte-immobilien.de\/"},{"@type":"ListItem","position":2,"name":"Impressum"}]},{"@type":"WebSite","@id":"https:\/\/lamotte-immobilien.de\/#website","url":"https:\/\/lamotte-immobilien.de\/","name":"www.lamotte-hausverwaltungen.de","description":"Lamotte GmbH Hausverwaltungen - Immobilien","publisher":{"@id":"https:\/\/lamotte-immobilien.de\/#organization"},"potentialAction":[{"@type":"SearchAction","target":{"@type":"EntryPoint","urlTemplate":"https:\/\/lamotte-immobilien.de\/?s={search_term_string}"},"query-input":{"@type":"PropertyValueSpecification","valueRequired":true,"valueName":"search_term_string"}}],"inLanguage":"de"},{"@type":"Organization","@id":"https:\/\/lamotte-immobilien.de\/#organization","name":"Lamotte GmbH Hausverwaltungen - Immobilien","url":"https:\/\/lamotte-immobilien.de\/","logo":{"@type":"ImageObject","inLanguage":"de","@id":"https:\/\/lamotte-immobilien.de\/#\/schema\/logo\/image\/","url":"https:\/\/lamotte-immobilien.de\/wp-content\/uploads\/2020\/03\/cropped-Lamotte-Logo-3-6.jpg","contentUrl":"https:\/\/lamotte-immobilien.de\/wp-content\/uploads\/2020\/03\/cropped-Lamotte-Logo-3-6.jpg","width":139,"height":137,"caption":"Lamotte GmbH Hausverwaltungen - Immobilien"},"image":{"@id":"https:\/\/lamotte-immobilien.de\/#\/schema\/logo\/image\/"}}]}},"_links":{"self":[{"href":"https:\/\/lamotte-immobilien.de\/index.php?rest_route=\/wp\/v2\/pages\/344","targetHints":{"allow":["GET"]}}],"collection":[{"href":"https:\/\/lamotte-immobilien.de\/index.php?rest_route=\/wp\/v2\/pages"}],"about":[{"href":"https:\/\/lamotte-immobilien.de\/index.php?rest_route=\/wp\/v2\/types\/page"}],"author":[{"embeddable":true,"href":"https:\/\/lamotte-immobilien.de\/index.php?rest_route=\/wp\/v2\/users\/1"}],"replies":[{"embeddable":true,"href":"https:\/\/lamotte-immobilien.de\/index.php?rest_route=%2Fwp%2Fv2%2Fcomments&post=344"}],"version-history":[{"count":10,"href":"https:\/\/lamotte-immobilien.de\/index.php?rest_route=\/wp\/v2\/pages\/344\/revisions"}],"predecessor-version":[{"id":465,"href":"https:\/\/lamotte-immobilien.de\/index.php?rest_route=\/wp\/v2\/pages\/344\/revisions\/465"}],"wp:attachment":[{"href":"https:\/\/lamotte-immobilien.de\/index.php?rest_route=%2Fwp%2Fv2%2Fmedia&parent=344"}],"curies":[{"name":"wp","href":"https:\/\/api.w.org\/{rel}","templated":true}]}}